{"id":381,"date":"2025-08-20T16:03:48","date_gmt":"2025-08-20T16:03:48","guid":{"rendered":"https:\/\/lmc-admin.fr\/?page_id=381"},"modified":"2025-08-20T16:43:14","modified_gmt":"2025-08-20T16:43:14","slug":"mentions-legales","status":"publish","type":"page","link":"https:\/\/lmc-admin.fr\/index.php\/mentions-legales\/","title":{"rendered":"Mentions l\u00e9gales"},"content":{"rendered":"\t\t<div data-elementor-type=\"wp-page\" data-elementor-id=\"381\" class=\"elementor elementor-381\">\n\t\t\t\t<div class=\"elementor-element elementor-element-518c536 e-flex e-con-boxed e-con e-parent\" data-id=\"518c536\" data-element_type=\"container\">\n\t\t\t\t\t<div class=\"e-con-inner\">\n\t\t\t\t<div class=\"elementor-element elementor-element-9a4c979 elementor-widget elementor-widget-text-editor\" data-id=\"9a4c979\" data-element_type=\"widget\" data-widget_type=\"text-editor.default\">\n\t\t\t\t\t\t\t\t\t<p><span style=\"font-weight: 400;\">\u200b<\/span><span style=\"font-weight: 400;\">Conform\u00e9ment aux dispositions de la loi n\u00b0 2004-575 du 21 juin 2004 pour la confiance en l\u2019\u00e9conomie num\u00e9rique, il est pr\u00e9cis\u00e9 aux utilisateurs du site web lmc-admin.fr (ci apr\u00e8s \u00ab\u00a0le site web\u00a0\u00bb) l\u2019identit\u00e9 des diff\u00e9rents intervenants dans le cadre de sa r\u00e9alisation et de son suivi.<\/span><\/p>\t\t\t\t\t\t\t\t<\/div>\n\t\t\t\t<div class=\"elementor-element elementor-element-a930fb5 elementor-widget elementor-widget-heading\" data-id=\"a930fb5\" data-element_type=\"widget\" data-widget_type=\"heading.default\">\n\t\t\t\t\t<h2 class=\"elementor-heading-title elementor-size-default\">Edition du site et directeur de publication<\/h2>\t\t\t\t<\/div>\n\t\t\t\t<div class=\"elementor-element elementor-element-c57d5d3 elementor-widget elementor-widget-text-editor\" data-id=\"c57d5d3\" data-element_type=\"widget\" data-widget_type=\"text-editor.default\">\n\t\t\t\t\t\t\t\t\t<p><span style=\"font-weight: 400;\">Le pr\u00e9sent site web, accessible \u00e0 l\u2019adresse <\/span><a href=\"https:\/\/lmc-admin.fr\"><span style=\"font-weight: 400;\">https:\/\/lmc-admin.fr<\/span><\/a><span style=\"font-weight: 400;\">, est \u00e9dit\u00e9 par\u00a0:<\/span><\/p><p><b>Nom \/ Raison sociale<\/b><span style=\"font-weight: 400;\"> : Laurence MACQUART<\/span><span style=\"font-weight: 400;\"><br \/><\/span><b>Statut juridique<\/b><span style=\"font-weight: 400;\"> : Entreprise individuelle<\/span><span style=\"font-weight: 400;\"><br \/><\/span><b>SIREN<\/b><span style=\"font-weight: 400;\"> : 841 942 451<\/span><span style=\"font-weight: 400;\"><br \/><\/span><b>Adresse postale<\/b><span style=\"font-weight: 400;\"> : 1 rue de la 1re \u00c9cole, 67220 THANVILL\u00c9 \u2013 France<\/span><\/p><p><b>T\u00e9l\u00e9phone<\/b><span style=\"font-weight: 400;\"> : 06 77 48 31 98<\/span><span style=\"font-weight: 400;\"><br \/><\/span><b>Adresse e-mail<\/b><span style=\"font-weight: 400;\"> : laurence.lmc67@gmail.com<\/span><span style=\"font-weight: 400;\"><br \/><\/span><b>Responsable de la publication<\/b><span style=\"font-weight: 400;\"> : Laurence MACQUART<\/span><\/p>\t\t\t\t\t\t\t\t<\/div>\n\t\t\t\t<div class=\"elementor-element elementor-element-e79c9fe elementor-widget elementor-widget-heading\" data-id=\"e79c9fe\" data-element_type=\"widget\" data-widget_type=\"heading.default\">\n\t\t\t\t\t<h2 class=\"elementor-heading-title elementor-size-default\">H\u00e9bergement<\/h2>\t\t\t\t<\/div>\n\t\t\t\t<div class=\"elementor-element elementor-element-57ad8b9 elementor-widget elementor-widget-text-editor\" data-id=\"57ad8b9\" data-element_type=\"widget\" data-widget_type=\"text-editor.default\">\n\t\t\t\t\t\t\t\t\t<p><span style=\"font-weight: 400;\">Le site web est h\u00e9berg\u00e9 par\u00a0:<\/span><\/p><p><span style=\"font-weight: 400;\">OVH France (centre de donn\u00e9es eu-west-gra).<\/span><span style=\"font-weight: 400;\"><br \/><\/span><span style=\"font-weight: 400;\">2 rue Kellermann, 59100 Roubaix \u2013 France<\/span><span style=\"font-weight: 400;\"><br \/><\/span><b>Site internet<\/b><span style=\"font-weight: 400;\"> : <\/span><a href=\"https:\/\/www.ovhcloud.com\"><span style=\"font-weight: 400;\">www.ovhcloud.com<\/span><\/a><\/p>\t\t\t\t\t\t\t\t<\/div>\n\t\t\t\t<div class=\"elementor-element elementor-element-4431dac elementor-widget elementor-widget-heading\" data-id=\"4431dac\" data-element_type=\"widget\" data-widget_type=\"heading.default\">\n\t\t\t\t\t<h2 class=\"elementor-heading-title elementor-size-default\">RGPD et donn\u00e9es personnelles<\/h2>\t\t\t\t<\/div>\n\t\t\t\t<div class=\"elementor-element elementor-element-8aeabb1 elementor-widget elementor-widget-text-editor\" data-id=\"8aeabb1\" data-element_type=\"widget\" data-widget_type=\"text-editor.default\">\n\t\t\t\t\t\t\t\t\t<p><span style=\"font-weight: 400;\">Le traitement de vos donn\u00e9es \u00e0 caract\u00e8re personnel est r\u00e9gi par la loi europ\u00e9enne sur la Protection des Donn\u00e9es 2016\/679 du 27 avril 2016 (\u00abRGPD\u00bb).<\/span><\/p><p><span style=\"font-weight: 400;\">Les informations recueillies via le formulaire de contact sont uniquement destin\u00e9es \u00e0 traiter votre demande. Elles ne sont ni vendues, ni c\u00e9d\u00e9es \u00e0 des tiers.<\/span><\/p><p><span style=\"font-weight: 400;\">Conform\u00e9ment au R\u00e8glement G\u00e9n\u00e9ral sur la Protection des Donn\u00e9es (RGPD), vous pouvez exercer vos droits d\u2019acc\u00e8s, de rectification ou de suppression en envoyant un e-mail \u00e0 : laurence.lmc67@gmail.com<\/span><\/p>\t\t\t\t\t\t\t\t<\/div>\n\t\t\t\t<div class=\"elementor-element elementor-element-dcb9151 elementor-widget elementor-widget-heading\" data-id=\"dcb9151\" data-element_type=\"widget\" data-widget_type=\"heading.default\">\n\t\t\t\t\t<h2 class=\"elementor-heading-title elementor-size-default\">Propri\u00e9t\u00e9 intellectuelle<\/h2>\t\t\t\t<\/div>\n\t\t\t\t<div class=\"elementor-element elementor-element-167255b elementor-widget elementor-widget-text-editor\" data-id=\"167255b\" data-element_type=\"widget\" data-widget_type=\"text-editor.default\">\n\t\t\t\t\t\t\t\t\t<p><span style=\"font-weight: 400;\">L\u2019ensemble des contenus pr\u00e9sents sur ce site (textes, images, graphismes, logo, etc.) est prot\u00e9g\u00e9 par les lois en vigueur sur la propri\u00e9t\u00e9 intellectuelle et appartient \u00e0 Laurence MACQUART.<\/span><span style=\"font-weight: 400;\"><br \/><\/span><span style=\"font-weight: 400;\">Toute reproduction, repr\u00e9sentation, modification ou adaptation, partielle ou totale, est strictement interdite sans autorisation pr\u00e9alable \u00e9crite.<\/span><\/p>\t\t\t\t\t\t\t\t<\/div>\n\t\t\t\t<div class=\"elementor-element elementor-element-4b6e91d elementor-widget elementor-widget-heading\" data-id=\"4b6e91d\" data-element_type=\"widget\" data-widget_type=\"heading.default\">\n\t\t\t\t\t<h2 class=\"elementor-heading-title elementor-size-default\">Cookies<\/h2>\t\t\t\t<\/div>\n\t\t\t\t<div class=\"elementor-element elementor-element-9d2ac5a elementor-widget elementor-widget-text-editor\" data-id=\"9d2ac5a\" data-element_type=\"widget\" data-widget_type=\"text-editor.default\">\n\t\t\t\t\t\t\t\t\t<p><span style=\"font-weight: 400;\">Le site utilise des cookies de mesure d\u2019audience (notamment via Google Analytics) et des traceurs destin\u00e9s \u00e0 am\u00e9liorer la navigation.<\/span><span style=\"font-weight: 400;\"><br \/><\/span><span style=\"font-weight: 400;\">Ces cookies ne sont d\u00e9pos\u00e9s qu\u2019avec votre consentement. \u00c0 votre premi\u00e8re visite, un bandeau d\u2019information vous permet d\u2019accepter ou de refuser leur utilisation.<\/span><\/p><p><span style=\"font-weight: 400;\">Vous pouvez \u00e0 tout moment modifier vos pr\u00e9f\u00e9rences en mati\u00e8re de cookies ou les d\u00e9sactiver dans les param\u00e8tres de votre navigateur.<\/span><\/p><p><span style=\"font-weight: 400;\">Pour en savoir plus : <a href=\"http:\/\/www.cnil.fr\/fr\/cookies-les-outils-pour-les-maitriser\" target=\"_blank\" rel=\"noopener\">www.cnil.fr\/fr\/cookies-les-outils-pour-les-maitriser<\/a><\/span><\/p>\t\t\t\t\t\t\t\t<\/div>\n\t\t\t\t\t<\/div>\n\t\t\t\t<\/div>\n\t\t\t\t<\/div>\n\t\t","protected":false},"excerpt":{"rendered":"<p>\u200bConform\u00e9ment aux dispositions de la loi n\u00b0 2004-575 du 21 juin 2004 pour la confiance en l\u2019\u00e9conomie num\u00e9rique, il est [&hellip;]<\/p>\n","protected":false},"author":1,"featured_media":0,"parent":0,"menu_order":0,"comment_status":"closed","ping_status":"closed","template":"","meta":{"site-sidebar-layout":"no-sidebar","site-content-layout":"","ast-site-content-layout":"full-width-container","site-content-style":"default","site-sidebar-style":"default","ast-global-header-display":"","ast-banner-title-visibility":"","ast-main-header-display":"","ast-hfb-above-header-display":"","ast-hfb-below-header-display":"","ast-hfb-mobile-header-display":"","site-post-title":"","ast-breadcrumbs-content":"","ast-featured-img":"disabled","footer-sml-layout":"","theme-transparent-header-meta":"","adv-header-id-meta":"","stick-header-meta":"","header-above-stick-meta":"","header-main-stick-meta":"","header-below-stick-meta":"","astra-migrate-meta-layouts":"default","ast-page-background-enabled":"default","ast-page-background-meta":{"desktop":{"background-color":"var(--ast-global-color-5)","background-image":"","background-repeat":"repeat","background-position":"center center","background-size":"auto","background-attachment":"scroll","background-type":"","background-media":"","overlay-type":"","overlay-color":"","overlay-opacity":"","overlay-gradient":""},"tablet":{"background-color":"","background-image":"","background-repeat":"repeat","background-position":"center center","background-size":"auto","background-attachment":"scroll","background-type":"","background-media":"","overlay-type":"","overlay-color":"","overlay-opacity":"","overlay-gradient":""},"mobile":{"background-color":"","background-image":"","background-repeat":"repeat","background-position":"center center","background-size":"auto","background-attachment":"scroll","background-type":"","background-media":"","overlay-type":"","overlay-color":"","overlay-opacity":"","overlay-gradient":""}},"ast-content-background-meta":{"desktop":{"background-color":"var(--ast-global-color-4)","background-image":"","background-repeat":"repeat","background-position":"center center","background-size":"auto","background-attachment":"scroll","background-type":"","background-media":"","overlay-type":"","overlay-color":"","overlay-opacity":"","overlay-gradient":""},"tablet":{"background-color":"var(--ast-global-color-4)","background-image":"","background-repeat":"repeat","background-position":"center center","background-size":"auto","background-attachment":"scroll","background-type":"","background-media":"","overlay-type":"","overlay-color":"","overlay-opacity":"","overlay-gradient":""},"mobile":{"background-color":"var(--ast-global-color-4)","background-image":"","background-repeat":"repeat","background-position":"center center","background-size":"auto","background-attachment":"scroll","background-type":"","background-media":"","overlay-type":"","overlay-color":"","overlay-opacity":"","overlay-gradient":""}},"footnotes":""},"class_list":["post-381","page","type-page","status-publish","hentry"],"yoast_head":"<!-- This site is optimized with the Yoast SEO plugin v25.8 - https:\/\/yoast.com\/wordpress\/plugins\/seo\/ -->\n<title>Mentions l\u00e9gales - LMC-Admin<\/title>\n<meta name=\"robots\" content=\"index, follow, max-snippet:-1, max-image-preview:large, max-video-preview:-1\" \/>\n<link rel=\"canonical\" href=\"https:\/\/lmc-admin.fr\/index.php\/mentions-legales\/\" \/>\n<meta property=\"og:locale\" content=\"fr_FR\" \/>\n<meta property=\"og:type\" content=\"article\" \/>\n<meta property=\"og:title\" content=\"Mentions l\u00e9gales - LMC-Admin\" \/>\n<meta property=\"og:description\" content=\"\u200bConform\u00e9ment aux dispositions de la loi n\u00b0 2004-575 du 21 juin 2004 pour la confiance en l\u2019\u00e9conomie num\u00e9rique, il est [&hellip;]\" \/>\n<meta property=\"og:url\" content=\"https:\/\/lmc-admin.fr\/index.php\/mentions-legales\/\" \/>\n<meta property=\"og:site_name\" content=\"LMC-Admin\" \/>\n<meta property=\"article:modified_time\" content=\"2025-08-20T16:43:14+00:00\" \/>\n<meta name=\"twitter:card\" content=\"summary_large_image\" \/>\n<meta name=\"twitter:label1\" content=\"Dur\u00e9e de lecture estim\u00e9e\" \/>\n\t<meta name=\"twitter:data1\" content=\"2 minutes\" \/>\n<script type=\"application\/ld+json\" class=\"yoast-schema-graph\">{\"@context\":\"https:\/\/schema.org\",\"@graph\":[{\"@type\":\"WebPage\",\"@id\":\"https:\/\/lmc-admin.fr\/index.php\/mentions-legales\/\",\"url\":\"https:\/\/lmc-admin.fr\/index.php\/mentions-legales\/\",\"name\":\"Mentions l\u00e9gales - LMC-Admin\",\"isPartOf\":{\"@id\":\"https:\/\/lmc-admin.fr\/#website\"},\"datePublished\":\"2025-08-20T16:03:48+00:00\",\"dateModified\":\"2025-08-20T16:43:14+00:00\",\"breadcrumb\":{\"@id\":\"https:\/\/lmc-admin.fr\/index.php\/mentions-legales\/#breadcrumb\"},\"inLanguage\":\"fr-FR\",\"potentialAction\":[{\"@type\":\"ReadAction\",\"target\":[\"https:\/\/lmc-admin.fr\/index.php\/mentions-legales\/\"]}]},{\"@type\":\"BreadcrumbList\",\"@id\":\"https:\/\/lmc-admin.fr\/index.php\/mentions-legales\/#breadcrumb\",\"itemListElement\":[{\"@type\":\"ListItem\",\"position\":1,\"name\":\"Home\",\"item\":\"https:\/\/lmc-admin.fr\/\"},{\"@type\":\"ListItem\",\"position\":2,\"name\":\"Mentions l\u00e9gales\"}]},{\"@type\":\"WebSite\",\"@id\":\"https:\/\/lmc-admin.fr\/#website\",\"url\":\"https:\/\/lmc-admin.fr\/\",\"name\":\"LMC-Admin\",\"description\":\"Gagnez du temps. Lib\u00e9rez votre esprit.\",\"publisher\":{\"@id\":\"https:\/\/lmc-admin.fr\/#organization\"},\"potentialAction\":[{\"@type\":\"SearchAction\",\"target\":{\"@type\":\"EntryPoint\",\"urlTemplate\":\"https:\/\/lmc-admin.fr\/?s={search_term_string}\"},\"query-input\":{\"@type\":\"PropertyValueSpecification\",\"valueRequired\":true,\"valueName\":\"search_term_string\"}}],\"inLanguage\":\"fr-FR\"},{\"@type\":\"Organization\",\"@id\":\"https:\/\/lmc-admin.fr\/#organization\",\"name\":\"LMC-Admin\",\"url\":\"https:\/\/lmc-admin.fr\/\",\"logo\":{\"@type\":\"ImageObject\",\"inLanguage\":\"fr-FR\",\"@id\":\"https:\/\/lmc-admin.fr\/#\/schema\/logo\/image\/\",\"url\":\"https:\/\/lmc-admin.fr\/wp-content\/uploads\/2025\/08\/cropped-Logo-LMC_fond-transparent.png\",\"contentUrl\":\"https:\/\/lmc-admin.fr\/wp-content\/uploads\/2025\/08\/cropped-Logo-LMC_fond-transparent.png\",\"width\":500,\"height\":277,\"caption\":\"LMC-Admin\"},\"image\":{\"@id\":\"https:\/\/lmc-admin.fr\/#\/schema\/logo\/image\/\"}}]}<\/script>\n<!-- \/ Yoast SEO plugin. -->","yoast_head_json":{"title":"Mentions l\u00e9gales - LMC-Admin","robots":{"index":"index","follow":"follow","max-snippet":"max-snippet:-1","max-image-preview":"max-image-preview:large","max-video-preview":"max-video-preview:-1"},"canonical":"https:\/\/lmc-admin.fr\/index.php\/mentions-legales\/","og_locale":"fr_FR","og_type":"article","og_title":"Mentions l\u00e9gales - LMC-Admin","og_description":"\u200bConform\u00e9ment aux dispositions de la loi n\u00b0 2004-575 du 21 juin 2004 pour la confiance en l\u2019\u00e9conomie num\u00e9rique, il est [&hellip;]","og_url":"https:\/\/lmc-admin.fr\/index.php\/mentions-legales\/","og_site_name":"LMC-Admin","article_modified_time":"2025-08-20T16:43:14+00:00","twitter_card":"summary_large_image","twitter_misc":{"Dur\u00e9e de lecture estim\u00e9e":"2 minutes"},"schema":{"@context":"https:\/\/schema.org","@graph":[{"@type":"WebPage","@id":"https:\/\/lmc-admin.fr\/index.php\/mentions-legales\/","url":"https:\/\/lmc-admin.fr\/index.php\/mentions-legales\/","name":"Mentions l\u00e9gales - LMC-Admin","isPartOf":{"@id":"https:\/\/lmc-admin.fr\/#website"},"datePublished":"2025-08-20T16:03:48+00:00","dateModified":"2025-08-20T16:43:14+00:00","breadcrumb":{"@id":"https:\/\/lmc-admin.fr\/index.php\/mentions-legales\/#breadcrumb"},"inLanguage":"fr-FR","potentialAction":[{"@type":"ReadAction","target":["https:\/\/lmc-admin.fr\/index.php\/mentions-legales\/"]}]},{"@type":"BreadcrumbList","@id":"https:\/\/lmc-admin.fr\/index.php\/mentions-legales\/#breadcrumb","itemListElement":[{"@type":"ListItem","position":1,"name":"Home","item":"https:\/\/lmc-admin.fr\/"},{"@type":"ListItem","position":2,"name":"Mentions l\u00e9gales"}]},{"@type":"WebSite","@id":"https:\/\/lmc-admin.fr\/#website","url":"https:\/\/lmc-admin.fr\/","name":"LMC-Admin","description":"Gagnez du temps. Lib\u00e9rez votre esprit.","publisher":{"@id":"https:\/\/lmc-admin.fr\/#organization"},"potentialAction":[{"@type":"SearchAction","target":{"@type":"EntryPoint","urlTemplate":"https:\/\/lmc-admin.fr\/?s={search_term_string}"},"query-input":{"@type":"PropertyValueSpecification","valueRequired":true,"valueName":"search_term_string"}}],"inLanguage":"fr-FR"},{"@type":"Organization","@id":"https:\/\/lmc-admin.fr\/#organization","name":"LMC-Admin","url":"https:\/\/lmc-admin.fr\/","logo":{"@type":"ImageObject","inLanguage":"fr-FR","@id":"https:\/\/lmc-admin.fr\/#\/schema\/logo\/image\/","url":"https:\/\/lmc-admin.fr\/wp-content\/uploads\/2025\/08\/cropped-Logo-LMC_fond-transparent.png","contentUrl":"https:\/\/lmc-admin.fr\/wp-content\/uploads\/2025\/08\/cropped-Logo-LMC_fond-transparent.png","width":500,"height":277,"caption":"LMC-Admin"},"image":{"@id":"https:\/\/lmc-admin.fr\/#\/schema\/logo\/image\/"}}]}},"_links":{"self":[{"href":"https:\/\/lmc-admin.fr\/index.php\/wp-json\/wp\/v2\/pages\/381","targetHints":{"allow":["GET"]}}],"collection":[{"href":"https:\/\/lmc-admin.fr\/index.php\/wp-json\/wp\/v2\/pages"}],"about":[{"href":"https:\/\/lmc-admin.fr\/index.php\/wp-json\/wp\/v2\/types\/page"}],"author":[{"embeddable":true,"href":"https:\/\/lmc-admin.fr\/index.php\/wp-json\/wp\/v2\/users\/1"}],"replies":[{"embeddable":true,"href":"https:\/\/lmc-admin.fr\/index.php\/wp-json\/wp\/v2\/comments?post=381"}],"version-history":[{"count":4,"href":"https:\/\/lmc-admin.fr\/index.php\/wp-json\/wp\/v2\/pages\/381\/revisions"}],"predecessor-version":[{"id":392,"href":"https:\/\/lmc-admin.fr\/index.php\/wp-json\/wp\/v2\/pages\/381\/revisions\/392"}],"wp:attachment":[{"href":"https:\/\/lmc-admin.fr\/index.php\/wp-json\/wp\/v2\/media?parent=381"}],"curies":[{"name":"wp","href":"https:\/\/api.w.org\/{rel}","templated":true}]}}